{"id":38333,"date":"2025-06-13T16:11:25","date_gmt":"2025-06-13T14:11:25","guid":{"rendered":"https:\/\/www.predsjednik.hr\/?page_id=38333"},"modified":"2025-07-08T13:58:38","modified_gmt":"2025-07-08T11:58:38","slug":"first-lady","status":"publish","type":"page","link":"https:\/\/www.predsjednik.hr\/en\/first-lady\/","title":{"rendered":"First Lady"},"content":{"rendered":"\n<p>Prof. Sanja Musi\u0107 Milanovi\u0107, Ph.D., M.D., is a physician, specialist in epidemiology, scientist, and university professor, born in 1969 in Zagreb.<\/p>\n\n\n\n<p>She has dedicated her entire scientific and professional career to the preservation and improvement of health. After graduating from the Faculty of Medicine, University of Zagreb, she obtained a master\u2019s degree in Public Health Methodology at the Universit\u00e9 Libre de Bruxelles, Facult\u00e9 de M\u00e9decine, Ecole de Sant\u00e9 Publique. She completed her Ph.D. at the Faculty of Medicine, University of Zagreb, with a dissertation titled \u201cDemographic, Behavioural, and Socioeconomic Determinants of Adult Obesity in Croatia.\u201d<\/p>\n\n\n\n<p>Her areas of scientific interest include the epidemiology of non-communicable diseases, particularly obesity, and health promotion. She is a professor at the Department of Medical Statistics, Epidemiology, and Medical Informatics at the School of Public Health \u201cAndrija \u0160tampar,\u201d Faculty of Medicine, University of Zagreb.<\/p>\n\n\n\n<p>She is the Head of the Division for Health Promotion at the Croatian Institute of Public Health, the Reference Centre of the Ministry of Health for Health Promotion, and leads the National Health Promotion Programme \u201cHealthy Living.\u201d<\/p>\n\n\n\n<p>She is the principal investigator for a large cross-sectional study by the World Health Organization Regional Office for Europe (WHO\/Europe), Childhood Obesity Surveillance Initiative, Croatia (CroCOSI), and participates in many other research and professional projects. She is a member of the Advisory Council on Innovation for Non-communicable Diseases of the WHO Regional Director for Europe and the Childhood Obesity Signature Initiative.<\/p>\n\n\n\n<p>Additionally, Prof. Musi\u0107 Milanovi\u0107 is the national focal point for several health promotion topics, including the WHO and European Commission Physical Activity Focal Points Network, and the Expert Group \u201eHealth Enhancing Physical Activity\u201d. She is the WHO National Technical Focal Point for Promoting health throughout the life-course as well as the WHO Focal Point for Obesity and Nutrition.<\/p>\n\n\n\n<p>As a representative of the European Parliament, she is a member of the Management Board of the European Food Safety Authority. She is also a member of the Scientific Council for Anthropological Research at the Croatian Academy of Sciences and Arts and the Management Board of the Croatian Society of Obesity.<\/p>\n\n\n\n<p>For her long-standing advocacy and work in the field of health promotion, in 2022, she received a special recognition from the Director-General of the World Health Organization, being named the \u201cHealth Champion of 2022.\u201d <a href=\"https:\/\/www.croris.hr\/crosbi\/searchByContext\/2\/2185\">She is the author of numerous scientific papers <\/a>and chapters in books\/textbooks on obesity and health promotion.<\/p>\n\n\n\n<p>She is the mother of two sons, Ante Jakov and Marko, and the spouse of the President of the Republic of Croatia Zoran Milanovi\u0107.<\/p>\n\n\n        <!--DOCUMENT DOWNLOAD BLOCK-->\n        <div class=\"c-document-download-block\">\n            <a href=\"https:\/\/www.predsjednik.hr\/wp-content\/uploads\/2025\/07\/Sluzbena-fotografija_supruga-PRH.jpg\" class=\"c-document-download-block__link u-b0\" data-no-swup>\n\t\t\t\tThe official photo of the spouse of the President of the Republic is available for download here.            <\/a>\n\n            <div class=\"c-document-download-block__meta u-b4\">\n                <span class=\"c-document-download-block__type u-capitalize\">jpeg<\/span>\n                <span class=\"c-document-download-block__size\">15.77 Mb<\/span>\n            <\/div>\n\n        <\/div>\n        <!--end DOCUMENT DOWNLOAD BLOCK-->\n\t","protected":false},"excerpt":{"rendered":"<p>Prof. Sanja Musi\u0107 Milanovi\u0107, Ph.D., M.D., is a physician, specialist in epidemiology, scientist, and university professor, born in 1969 in Zagreb. She has dedicated her entire scientific and professional career to the preservation and improvement of health. After graduating from the Faculty of Medicine, University of Zagreb, she obtained a master\u2019s degree in Public Health [&hellip;]<\/p>\n","protected":false},"author":13,"featured_media":0,"parent":0,"menu_order":0,"comment_status":"closed","ping_status":"closed","template":"page-templates\/first-lady.php","meta":{"_acf_changed":false,"footnotes":""},"class_list":["post-38333","page","type-page","status-publish","hentry"],"acf":[],"yoast_head":"<!-- This site is optimized with the Yoast SEO plugin v27.5 - https:\/\/yoast.com\/product\/yoast-seo-wordpress\/ -->\n<title>First Lady - President of the Republic of Croatia - Zoran Milanovi\u0107<\/title>\n<meta name=\"robots\" content=\"index, follow, max-snippet:-1, max-image-preview:large, max-video-preview:-1\" \/>\n<link rel=\"canonical\" href=\"https:\/\/www.predsjednik.hr\/en\/first-lady\/\" \/>\n<meta property=\"og:locale\" content=\"en_US\" \/>\n<meta property=\"og:type\" content=\"article\" \/>\n<meta property=\"og:title\" content=\"First Lady - President of the Republic of Croatia - Zoran Milanovi\u0107\" \/>\n<meta property=\"og:description\" content=\"Prof. Sanja Musi\u0107 Milanovi\u0107, Ph.D., M.D., is a physician, specialist in epidemiology, scientist, and university professor, born in 1969 in Zagreb. She has dedicated her entire scientific and professional career to the preservation and improvement of health. After graduating from the Faculty of Medicine, University of Zagreb, she obtained a master\u2019s degree in Public Health [&hellip;]\" \/>\n<meta property=\"og:url\" content=\"https:\/\/www.predsjednik.hr\/en\/first-lady\/\" \/>\n<meta property=\"og:site_name\" content=\"President of the Republic of Croatia - Zoran Milanovi\u0107\" \/>\n<meta property=\"article:modified_time\" content=\"2025-07-08T11:58:38+00:00\" \/>\n<meta property=\"og:image\" content=\"https:\/\/www.predsjednik.hr\/wp-content\/uploads\/2021\/05\/share.jpg\" \/>\n\t<meta property=\"og:image:width\" content=\"1200\" \/>\n\t<meta property=\"og:image:height\" content=\"630\" \/>\n\t<meta property=\"og:image:type\" content=\"image\/jpeg\" \/>\n<meta name=\"twitter:card\" content=\"summary_large_image\" \/>\n<meta name=\"twitter:label1\" content=\"Est. reading time\" \/>\n\t<meta name=\"twitter:data1\" content=\"2 minutes\" \/>\n<script type=\"application\/ld+json\" class=\"yoast-schema-graph\">{\"@context\":\"https:\\\/\\\/schema.org\",\"@graph\":[{\"@type\":\"WebPage\",\"@id\":\"https:\\\/\\\/www.predsjednik.hr\\\/en\\\/first-lady\\\/\",\"url\":\"https:\\\/\\\/www.predsjednik.hr\\\/en\\\/first-lady\\\/\",\"name\":\"First Lady - President of the Republic of Croatia - Zoran Milanovi\u0107\",\"isPartOf\":{\"@id\":\"https:\\\/\\\/www.predsjednik.hr\\\/en\\\/#website\"},\"datePublished\":\"2025-06-13T14:11:25+00:00\",\"dateModified\":\"2025-07-08T11:58:38+00:00\",\"breadcrumb\":{\"@id\":\"https:\\\/\\\/www.predsjednik.hr\\\/en\\\/first-lady\\\/#breadcrumb\"},\"inLanguage\":\"en-US\",\"potentialAction\":[{\"@type\":\"ReadAction\",\"target\":[\"https:\\\/\\\/www.predsjednik.hr\\\/en\\\/first-lady\\\/\"]}]},{\"@type\":\"BreadcrumbList\",\"@id\":\"https:\\\/\\\/www.predsjednik.hr\\\/en\\\/first-lady\\\/#breadcrumb\",\"itemListElement\":[{\"@type\":\"ListItem\",\"position\":1,\"name\":\"Home\",\"item\":\"https:\\\/\\\/www.predsjednik.hr\\\/en\\\/\"},{\"@type\":\"ListItem\",\"position\":2,\"name\":\"First Lady\"}]},{\"@type\":\"WebSite\",\"@id\":\"https:\\\/\\\/www.predsjednik.hr\\\/en\\\/#website\",\"url\":\"https:\\\/\\\/www.predsjednik.hr\\\/en\\\/\",\"name\":\"President of the Republic of Croatia - Zoran Milanovi\u0107\",\"description\":\"Just another WordPress site\",\"potentialAction\":[{\"@type\":\"SearchAction\",\"target\":{\"@type\":\"EntryPoint\",\"urlTemplate\":\"https:\\\/\\\/www.predsjednik.hr\\\/en\\\/?s={search_term_string}\"},\"query-input\":{\"@type\":\"PropertyValueSpecification\",\"valueRequired\":true,\"valueName\":\"search_term_string\"}}],\"inLanguage\":\"en-US\"}]}<\/script>\n<!-- \/ Yoast SEO plugin. -->","yoast_head_json":{"title":"First Lady - President of the Republic of Croatia - Zoran Milanovi\u0107","robots":{"index":"index","follow":"follow","max-snippet":"max-snippet:-1","max-image-preview":"max-image-preview:large","max-video-preview":"max-video-preview:-1"},"canonical":"https:\/\/www.predsjednik.hr\/en\/first-lady\/","og_locale":"en_US","og_type":"article","og_title":"First Lady - President of the Republic of Croatia - Zoran Milanovi\u0107","og_description":"Prof. Sanja Musi\u0107 Milanovi\u0107, Ph.D., M.D., is a physician, specialist in epidemiology, scientist, and university professor, born in 1969 in Zagreb. She has dedicated her entire scientific and professional career to the preservation and improvement of health. After graduating from the Faculty of Medicine, University of Zagreb, she obtained a master\u2019s degree in Public Health [&hellip;]","og_url":"https:\/\/www.predsjednik.hr\/en\/first-lady\/","og_site_name":"President of the Republic of Croatia - Zoran Milanovi\u0107","article_modified_time":"2025-07-08T11:58:38+00:00","og_image":[{"width":1200,"height":630,"url":"https:\/\/www.predsjednik.hr\/wp-content\/uploads\/2021\/05\/share.jpg","type":"image\/jpeg"}],"twitter_card":"summary_large_image","twitter_misc":{"Est. reading time":"2 minutes"},"schema":{"@context":"https:\/\/schema.org","@graph":[{"@type":"WebPage","@id":"https:\/\/www.predsjednik.hr\/en\/first-lady\/","url":"https:\/\/www.predsjednik.hr\/en\/first-lady\/","name":"First Lady - President of the Republic of Croatia - Zoran Milanovi\u0107","isPartOf":{"@id":"https:\/\/www.predsjednik.hr\/en\/#website"},"datePublished":"2025-06-13T14:11:25+00:00","dateModified":"2025-07-08T11:58:38+00:00","breadcrumb":{"@id":"https:\/\/www.predsjednik.hr\/en\/first-lady\/#breadcrumb"},"inLanguage":"en-US","potentialAction":[{"@type":"ReadAction","target":["https:\/\/www.predsjednik.hr\/en\/first-lady\/"]}]},{"@type":"BreadcrumbList","@id":"https:\/\/www.predsjednik.hr\/en\/first-lady\/#breadcrumb","itemListElement":[{"@type":"ListItem","position":1,"name":"Home","item":"https:\/\/www.predsjednik.hr\/en\/"},{"@type":"ListItem","position":2,"name":"First Lady"}]},{"@type":"WebSite","@id":"https:\/\/www.predsjednik.hr\/en\/#website","url":"https:\/\/www.predsjednik.hr\/en\/","name":"President of the Republic of Croatia - Zoran Milanovi\u0107","description":"Just another WordPress site","potentialAction":[{"@type":"SearchAction","target":{"@type":"EntryPoint","urlTemplate":"https:\/\/www.predsjednik.hr\/en\/?s={search_term_string}"},"query-input":{"@type":"PropertyValueSpecification","valueRequired":true,"valueName":"search_term_string"}}],"inLanguage":"en-US"}]}},"_links":{"self":[{"href":"https:\/\/www.predsjednik.hr\/en\/wp-json\/wp\/v2\/pages\/38333","targetHints":{"allow":["GET"]}}],"collection":[{"href":"https:\/\/www.predsjednik.hr\/en\/wp-json\/wp\/v2\/pages"}],"about":[{"href":"https:\/\/www.predsjednik.hr\/en\/wp-json\/wp\/v2\/types\/page"}],"author":[{"embeddable":true,"href":"https:\/\/www.predsjednik.hr\/en\/wp-json\/wp\/v2\/users\/13"}],"replies":[{"embeddable":true,"href":"https:\/\/www.predsjednik.hr\/en\/wp-json\/wp\/v2\/comments?post=38333"}],"version-history":[{"count":7,"href":"https:\/\/www.predsjednik.hr\/en\/wp-json\/wp\/v2\/pages\/38333\/revisions"}],"predecessor-version":[{"id":38614,"href":"https:\/\/www.predsjednik.hr\/en\/wp-json\/wp\/v2\/pages\/38333\/revisions\/38614"}],"wp:attachment":[{"href":"https:\/\/www.predsjednik.hr\/en\/wp-json\/wp\/v2\/media?parent=38333"}],"curies":[{"name":"wp","href":"https:\/\/api.w.org\/{rel}","templated":true}]}}